{"id":2693,"date":"2020-12-14T14:23:08","date_gmt":"2020-12-14T17:23:08","guid":{"rendered":"https:\/\/www.ceraflame.com.br\/?page_id=2693"},"modified":"2023-12-17T22:48:24","modified_gmt":"2023-12-18T01:48:24","slug":"termos-de-uso","status":"publish","type":"page","link":"https:\/\/www.ceraflame.com.br\/institucional\/en\/termos-de-uso\/","title":{"rendered":"Terms of Service"},"content":{"rendered":"<p>Eine Ghostwriting-Agentur ist ein professioneller Dienst, der Kunden mit qualifizierten Autoren zusammenbringt, die in ihrem Auftrag hochwertige Inhalte erstellen. Diese Agenturen arbeiten in <a href=\"https:\/\/premiumghostwriter.de\/hausarbeit\/\">hausarbeit schreiben lassen<\/a> der Regel mit einem breiten Spektrum von Kunden zusammen, darunter Autoren, Gesch\u00e4ftsleute und Privatpersonen, die Unterst\u00fctzung bei ihren Schreibprojekten ben\u00f6tigen.\u00a0<\/p>\n<p>Sind Sie es leid, stundenlang zu recherchieren und Ihre Hausarbeiten zu schreiben? Nun, ich habe die L\u00f6sung f\u00fcr Sie! Das Ghostwriting von Hausarbeiten ist die Antwort auf all Ihre <a href=\"https:\/\/ghostwriting365.de\/\">ghostwriter<\/a> akademischen Probleme. Stellen Sie sich vor, ein professioneller Autor nimmt Ihnen die ganze Arbeit ab und sorgt daf\u00fcr, dass Ihre Arbeit nicht nur gut recherchiert, sondern auch perfekt geschrieben ist.<\/p>\n<p><\/p>\n<h2>1.Terms of Service<\/h2>\n<h3>1. Terms<\/h3>\n<p>By accessing the website at <a href='https:\/\/www.ceraflame.com.br\/'>Ceraflame<\/a> you are agreeing to be bound by these terms of service, all applicable laws and regulations, and agree that you are responsible for compliance with any applicable local laws. If you do not agree with any of these                        terms, you are prohibited from using or accessing this site. The materials contained in this website are protected by applicable copyright and trademark law.<\/p>\n<h3>2. Use License<\/h3>\n<ol>\n<li>                            Permission is granted to temporarily download one copy of the materials (information or software) on Ceraflame&#8217;s website for personal, non-commercial transitory viewing only. This is the grant of a licence, not a transfer of title, and under this licence                            you may not:\n<ol>\n<li>modify or copy the materials;<\/li>\n<li>use the materials for any commercial purpose, or for any public display (commercial or non-commercial);<\/li>\n<li>attempt to decompile or reverse engineer any software contained on Ceraflame website;<\/li>\n<li>remove any copyright or other proprietary notations from the materials; or<\/li>\n<li>transfer the materials to another person or &#8216;mirror&#8217; the materials on any other server.<\/li>\n<\/ol>\n<\/li>\n<li>                            2. This licence shall automatically terminate if you violate any of these restrictions and may be terminated by Ceraflame at any time. Upon terminating your viewing of these materials or upon the termination of this licence, you must destroy any downloaded                            materials in your possession whether in electronic or printed format.                        <\/li>\n<\/ol>\n<h3>3. Disclaimer<\/h3>\n<ol>\n<li>1. The materials on Ceraflame&#8217;s website are provided on an &#8216;as is&#8217; basis. Ceraflame makes no warranties, expressed or implied, and hereby disclaims and negates all other warranties including, without limitation, implied warranties or conditions                    of merchantability, fitness for a particular purpose, or non-infringement of intellectual property or other violation of rights.<\/li>\n<li>2. Further, Ceraflame does not warrant or make any representations concerning the accuracy, likely results, or reliability                    of the use of the materials on its website or otherwise relating to such materials or on any sites linked to this site.<\/li>\n<\/ol>\n<h3>4. Limitations<\/h3>\n<p>In no event shall Ceraflame or its suppliers be liable for any damages (including, without limitation, damages for loss of data or profit, or due to business interruption) arising out of the use or inability to use the materials on Ceraflame&#8217;s website,                        even if Ceraflame or a Ceraflame authorised representative has been notified orally or in writing of the possibility of such damage. Because some jurisdictions do not allow limitations on implied warranties, or limitations of liability for consequential                        or incidental damages, these limitations may not apply to you.<\/p>\n<h3>5. Accuracy of materials<\/h3>\n<p>The materials appearing on Ceraflame&#8217;s website could include technical, typographical, or photographic errors. Ceraflame does not warrant that any of the materials on its website are accurate, complete or current. Ceraflame may make changes                        to the materials contained on its website at any time without notice. However Ceraflame does not make any commitment to update the materials.<\/p>\n<h3>6. Links<\/h3>\n<p>Ceraflame has not reviewed all of the sites linked to its website and is not responsible for the contents of any such linked site. The inclusion of any link does not imply endorsement by Ceraflame of the site. Use of any such linked website is at                        the user&#8217;s own risk.<\/p>\n<h3>7. Modifications<\/h3>\n<p>Ceraflame may revise these terms of service for its website at any time without notice. By using this website you are agreeing to be bound by the then current version of these terms of service.<\/p>\n<h3>8. Governing Law<\/h3>\n<p>These terms and conditions are governed by and construed in accordance with the laws of Ceraflame and you irrevocably submit to the exclusive jurisdiction of the courts in that State or location.<\/p>\n<p><\/p>","protected":false},"excerpt":{"rendered":"<p>Eine Ghostwriting-Agentur ist ein professioneller Dienst, der Kunden mit qualifizierten Autoren zusammenbringt, die in ihrem Auftrag hochwertige Inhalte erstellen. Diese Agenturen arbeiten in hausarbeit schreiben lassen der Regel mit einem breiten Spektrum von Kunden zusammen, darunter Autoren, Gesch\u00e4ftsleute und Privatpersonen, die Unterst\u00fctzung bei ihren Schreibprojekten ben\u00f6tigen.\u00a0 Sind Sie es leid, stundenlang zu recherchieren und Ihre &hellip; <a href=\"https:\/\/www.ceraflame.com.br\/institucional\/en\/termos-de-uso\/\" class=\"more-link\">Continue reading <span class=\"screen-reader-text\">Terms of Service<\/span> <span class=\"meta-nav\">&rarr;<\/span><\/a><\/p>\n","protected":false},"author":1,"featured_media":0,"parent":0,"menu_order":0,"comment_status":"closed","ping_status":"closed","template":"","meta":{"_acf_changed":false,"footnotes":""},"class_list":["post-2693","page","type-page","status-publish","hentry"],"acf":[],"_links":{"self":[{"href":"https:\/\/www.ceraflame.com.br\/institucional\/en\/wp-json\/wp\/v2\/pages\/2693"}],"collection":[{"href":"https:\/\/www.ceraflame.com.br\/institucional\/en\/wp-json\/wp\/v2\/pages"}],"about":[{"href":"https:\/\/www.ceraflame.com.br\/institucional\/en\/wp-json\/wp\/v2\/types\/page"}],"author":[{"embeddable":true,"href":"https:\/\/www.ceraflame.com.br\/institucional\/en\/wp-json\/wp\/v2\/users\/1"}],"replies":[{"embeddable":true,"href":"https:\/\/www.ceraflame.com.br\/institucional\/en\/wp-json\/wp\/v2\/comments?post=2693"}],"version-history":[{"count":6,"href":"https:\/\/www.ceraflame.com.br\/institucional\/en\/wp-json\/wp\/v2\/pages\/2693\/revisions"}],"predecessor-version":[{"id":8769,"href":"https:\/\/www.ceraflame.com.br\/institucional\/en\/wp-json\/wp\/v2\/pages\/2693\/revisions\/8769"}],"wp:attachment":[{"href":"https:\/\/www.ceraflame.com.br\/institucional\/en\/wp-json\/wp\/v2\/media?parent=2693"}],"curies":[{"name":"wp","href":"https:\/\/api.w.org\/{rel}","templated":true}]}}